{"id":380,"date":"2020-10-05T17:54:54","date_gmt":"2020-10-05T15:54:54","guid":{"rendered":"https:\/\/easysite.pl\/medic.hg.pl\/?page_id=380"},"modified":"2026-04-07T14:20:14","modified_gmt":"2026-04-07T12:20:14","slug":"angebot","status":"publish","type":"page","link":"https:\/\/mawiko.pl\/de\/angebot\/","title":{"rendered":"Angebot"},"content":{"rendered":"<p>[vc_row css_animation=&#8221;&#8221; row_type=&#8221;row&#8221; use_row_as_full_screen_section=&#8221;yes&#8221; type=&#8221;grid&#8221; angled_section=&#8221;no&#8221; text_align=&#8221;left&#8221; background_image_as_pattern=&#8221;without_pattern&#8221; css=&#8221;.vc_custom_1601635006802{padding-top: 60px !important;padding-bottom: 60px !important;}&#8221; z_index=&#8221;&#8221; el_id=&#8221;single-page&#8221;][vc_column][vc_row_inner row_type=&#8221;row&#8221; type=&#8221;full_width&#8221; text_align=&#8221;left&#8221; css_animation=&#8221;&#8221; css=&#8221;.vc_custom_1601628326582{margin-bottom: 50px !important;}&#8221;][vc_column_inner offset=&#8221;vc_col-lg-12&#8243;][vc_column_text]<\/p>\n<ul>\n<li>Psychiatrische Diagnose<\/li>\n<li>Psychologische Diagnose<\/li>\n<li>Labordiagnostik, bildgebende Diagnostik, Elektrodiagnostik usw. (f\u00fcr medizinische Indikationen als Teil der Aufenthaltskosten; auf Wunsch des Patienten sind alle in diesem Punkt aufgef\u00fchrten Tests und Fachberatungen gegen eine zus\u00e4tzliche Geb\u00fchr erh\u00e4ltlich)<\/li>\n<li>Gruppenpsychotherapie einmal pro Woche<\/li>\n<li>Individuelle Psychotherapie oder Gespr\u00e4che, die motivieren, mit einem Suchttherapeuten eine Drogenabh\u00e4ngigkeitstherapie zu beginnen *<\/li>\n<li>Qualifizierte medizinische und pflegerische Versorgung rund um die Uhr<\/li>\n<li>Psychologische Betreuung &#8211; Unterst\u00fctzung, therapeutische Interviews, Krisentherapie<\/li>\n<li>Moderne Pharmakotherapie<\/li>\n<li>Di\u00e4tetische Di\u00e4ten, die an Ihre somatische Gesundheit angepasst sind<\/li>\n<li>Phototherapie<\/li>\n<li>Kinesiotherapie mit Entspannung<\/li>\n<li>Besch\u00e4ftigungstherapie<\/li>\n<li>Therapeutische Gemeinschaft<\/li>\n<li>Musiktherapie<\/li>\n<li>Entgiftung *<\/li>\n<\/ul>\n<p>&nbsp;<\/p>\n<p>Die angenehme Atmosph\u00e4re einer 30-Betten-Station, erfahrenes Personal, gute Ern\u00e4hrungs- und Wohnbedingungen (Einzelzimmer mit Bad und WC sowie Kabelfernsehen *), die \u00dcberwachung der Einrichtungen und die M\u00f6glichkeit, die geeignete Therapie an die Bed\u00fcrfnisse des Patienten anzupassen, schaffen ein g\u00fcnstiges Klima f\u00fcr eine sichere und schnelle Genesung.<\/p>\n<p>&nbsp;<\/p>\n<p>Wir laden Sie ein, Menschen mit emotionalen, adaptiven, depressiven, pers\u00f6nlichen und psychotischen St\u00f6rungen sowie allen Arten von Abh\u00e4ngigkeiten (Entgiftung und Ersttherapie, die zum Beginn der Behandlung motivieren &#8211; es besteht die M\u00f6glichkeit, die Therapie nach der Entgiftung in anderen spezialisierten Einrichtungen fortzusetzen, mit denen wir Kontakte pflegen) professionelle Hilfe anzubieten. Wir behandeln praktisch alle St\u00f6rungen, die unter die ICD-10-Klassifizierung unter den F00-F99-Codes fallen.<\/p>\n<p>* &#8211; nur f\u00fcr gewerbliche Patienten[\/vc_column_text][\/vc_column_inner][\/vc_row_inner][\/vc_column][\/vc_row][vc_row css_animation=&#8221;&#8221; row_type=&#8221;row&#8221; use_row_as_full_screen_section=&#8221;yes&#8221; type=&#8221;grid&#8221; angled_section=&#8221;no&#8221; text_align=&#8221;left&#8221; background_image_as_pattern=&#8221;without_pattern&#8221; el_id=&#8221;kontakt&#8221; z_index=&#8221;&#8221;][vc_column][vc_row_inner row_type=&#8221;row&#8221; type=&#8221;full_width&#8221; text_align=&#8221;left&#8221; css_animation=&#8221;element_from_fade&#8221;][vc_column_inner offset=&#8221;vc_col-lg-7&#8243; css=&#8221;.vc_custom_1601661326463{margin-bottom: 35px !important;}&#8221;][vc_column_text]<\/p>\n<h3>Fahrt<\/h3>\n<p>[\/vc_column_text]<div class='google_map_shortcode_holder' style='height:500px;'><div class='qode_google_map' style='height:500px;' id='map_canvas_22577' data-addresses='[\"89-600 Chojnice, Le\u015bna 8\"]' data-custom-map-style='false' data-color-overlay='#393939' data-saturation='-100' data-lightness='-60' data-zoom='16' data-pin='https:\/\/mawiko.pl\/de\/wp-content\/uploads\/2020\/10\/pin-1.png' data-unique-id='22577' data-google-maps-scroll-wheel='false' data-snazzy-map-style='yes' data-map-height='500'><\/div><input type=\"hidden\" class=\"qode-snazzy-map\" value=\"`{`\n{\n``featureType``: ``water``,\n``elementType``: ``geometry``,\n``stylers``: `{`\n{\n``color``: ``#e9e9e9``\n},\n{\n``lightness``: 17\n}\n`}`\n},\n{\n``featureType``: ``landscape``,\n``elementType``: ``geometry``,\n``stylers``: `{`\n{\n``color``: ``#f5f5f5``\n},\n{\n``lightness``: 20\n}\n`}`\n},\n{\n``featureType``: ``road.highway``,\n``elementType``: ``geometry.fill``,\n``stylers``: `{`\n{\n``color``: ``#ffffff``\n},\n{\n``lightness``: 17\n}\n`}`\n},\n{\n``featureType``: ``road.highway``,\n``elementType``: ``geometry.stroke``,\n``stylers``: `{`\n{\n``color``: ``#ffffff``\n},\n{\n``lightness``: 29\n},\n{\n``weight``: 0.2\n}\n`}`\n},\n{\n``featureType``: ``road.arterial``,\n``elementType``: ``geometry``,\n``stylers``: `{`\n{\n``color``: ``#ffffff``\n},\n{\n``lightness``: 18\n}\n`}`\n},\n{\n``featureType``: ``road.local``,\n``elementType``: ``geometry``,\n``stylers``: `{`\n{\n``color``: ``#ffffff``\n},\n{\n``lightness``: 16\n}\n`}`\n},\n{\n``featureType``: ``poi``,\n``elementType``: ``geometry``,\n``stylers``: `{`\n{\n``color``: ``#f5f5f5``\n},\n{\n``lightness``: 21\n}\n`}`\n},\n{\n``featureType``: ``poi.park``,\n``elementType``: ``geometry``,\n``stylers``: `{`\n{\n``color``: ``#dedede``\n},\n{\n``lightness``: 21\n}\n`}`\n},\n{\n``elementType``: ``labels.text.stroke``,\n``stylers``: `{`\n{\n``visibility``: ``on``\n},\n{\n``color``: ``#ffffff``\n},\n{\n``lightness``: 16\n}\n`}`\n},\n{\n``elementType``: ``labels.text.fill``,\n``stylers``: `{`\n{\n``saturation``: 36\n},\n{\n``color``: ``#333333``\n},\n{\n``lightness``: 40\n}\n`}`\n},\n{\n``elementType``: ``labels.icon``,\n``stylers``: `{`\n{\n``visibility``: ``off``\n}\n`}`\n},\n{\n``featureType``: ``transit``,\n``elementType``: ``geometry``,\n``stylers``: `{`\n{\n``color``: ``#f2f2f2``\n},\n{\n``lightness``: 19\n}\n`}`\n},\n{\n``featureType``: ``administrative``,\n``elementType``: ``geometry.fill``,\n``stylers``: `{`\n{\n``color``: ``#fefefe``\n},\n{\n``lightness``: 20\n}\n`}`\n},\n{\n``featureType``: ``administrative``,\n``elementType``: ``geometry.stroke``,\n``stylers``: `{`\n{\n``color``: ``#fefefe``\n},\n{\n``lightness``: 17\n},\n{\n``weight``: 1.2\n}\n`}`\n}\n`}` \" \/><div class='google_map_shortcode_overlay'><\/div><\/div>[\/vc_column_inner][vc_column_inner offset=&#8221;vc_col-lg-offset-1 vc_col-lg-4&#8243; el_id=&#8221;formularz&#8221;][vc_column_text]<\/p>\n<h3>Kontakt Formular<\/h3>\n<div class=\"wpcf7 no-js\" id=\"wpcf7-f62-o1\" lang=\"pl-PL\" dir=\"ltr\">\n<div class=\"screen-reader-response\"><p role=\"status\" aria-live=\"polite\" aria-atomic=\"true\"><\/p> <ul><\/ul><\/div>\n<form action=\"\/de\/wp-json\/wp\/v2\/pages\/380#wpcf7-f62-o1\" method=\"post\" class=\"wpcf7-form init\" aria-label=\"Formularz kontaktowy\" novalidate=\"novalidate\" data-status=\"init\">\n<div style=\"display: none;\">\n<input type=\"hidden\" name=\"_wpcf7\" value=\"62\" \/>\n<input type=\"hidden\" name=\"_wpcf7_version\" value=\"5.9.6\" \/>\n<input type=\"hidden\" name=\"_wpcf7_locale\" value=\"pl_PL\" \/>\n<input type=\"hidden\" name=\"_wpcf7_unit_tag\" value=\"wpcf7-f62-o1\" \/>\n<input type=\"hidden\" name=\"_wpcf7_container_post\" value=\"0\" \/>\n<input type=\"hidden\" name=\"_wpcf7_posted_data_hash\" value=\"\" \/>\n<\/div>\n<p><span class=\"wpcf7-form-control-wrap\" data-name=\"text-223\"><input size=\"40\" maxlength=\"80\" class=\"wpcf7-form-control wpcf7-text wpcf7-validates-as-required\" aria-required=\"true\" aria-invalid=\"false\" placeholder=\"Vorname und Nachname\" value=\"\" type=\"text\" name=\"text-223\" \/><\/span><br \/>\n<span class=\"wpcf7-form-control-wrap\" data-name=\"email-770\"><input size=\"40\" maxlength=\"80\" class=\"wpcf7-form-control wpcf7-email wpcf7-validates-as-required wpcf7-text wpcf7-validates-as-email\" aria-required=\"true\" aria-invalid=\"false\" placeholder=\"E-Mail Adresse\" value=\"\" type=\"email\" name=\"email-770\" \/><\/span><br \/>\n<span class=\"wpcf7-form-control-wrap\" data-name=\"textarea-584\"><textarea cols=\"40\" rows=\"10\" maxlength=\"400\" class=\"wpcf7-form-control wpcf7-textarea wpcf7-validates-as-required\" aria-required=\"true\" aria-invalid=\"false\" placeholder=\"Nachrichteninhalt\" name=\"textarea-584\"><\/textarea><\/span>\n<\/p>\n<p><input class=\"wpcf7-form-control wpcf7-submit has-spinner\" type=\"submit\" value=\"Senden\" \/>\n<\/p><div class=\"wpcf7-response-output\" aria-hidden=\"true\"><\/div>\n<\/form>\n<\/div>\n[\/vc_column_text][\/vc_column_inner][\/vc_row_inner][\/vc_column][\/vc_row]<\/p>\n","protected":false},"excerpt":{"rendered":"<p>[vc_row css_animation=&#8221;&#8221; row_type=&#8221;row&#8221; use_row_as_full_screen_section=&#8221;yes&#8221; type=&#8221;grid&#8221; angled_section=&#8221;no&#8221; text_align=&#8221;left&#8221; background_image_as_pattern=&#8221;without_pattern&#8221; css=&#8221;.vc_custom_1601635006802{padding-top: 60px !important;padding-bottom: 60px !important;}&#8221; z_index=&#8221;&#8221; el_id=&#8221;single-page&#8221;][vc_column][vc_row_inner row_type=&#8221;row&#8221; type=&#8221;full_width&#8221; text_align=&#8221;left&#8221; css_animation=&#8221;&#8221; css=&#8221;.vc_custom_1601628326582{margin-bottom: 50px !important;}&#8221;][vc_column_inner offset=&#8221;vc_col-lg-12&#8243;][vc_column_text] Psychiatrische Diagnose Psychologische Diagnose Labordiagnostik, bildgebende Diagnostik, Elektrodiagnostik usw. (f\u00fcr medizinische Indikationen als Teil der Aufenthaltskosten; auf Wunsch des Patienten sind alle&#8230;<\/p>\n","protected":false},"author":1,"featured_media":0,"parent":0,"menu_order":0,"comment_status":"closed","ping_status":"open","template":"full_width.php","meta":{"footnotes":""},"_links":{"self":[{"href":"https:\/\/mawiko.pl\/de\/wp-json\/wp\/v2\/pages\/380"}],"collection":[{"href":"https:\/\/mawiko.pl\/de\/wp-json\/wp\/v2\/pages"}],"about":[{"href":"https:\/\/mawiko.pl\/de\/wp-json\/wp\/v2\/types\/page"}],"author":[{"embeddable":true,"href":"https:\/\/mawiko.pl\/de\/wp-json\/wp\/v2\/users\/1"}],"replies":[{"embeddable":true,"href":"https:\/\/mawiko.pl\/de\/wp-json\/wp\/v2\/comments?post=380"}],"version-history":[{"count":9,"href":"https:\/\/mawiko.pl\/de\/wp-json\/wp\/v2\/pages\/380\/revisions"}],"predecessor-version":[{"id":508,"href":"https:\/\/mawiko.pl\/de\/wp-json\/wp\/v2\/pages\/380\/revisions\/508"}],"wp:attachment":[{"href":"https:\/\/mawiko.pl\/de\/wp-json\/wp\/v2\/media?parent=380"}],"curies":[{"name":"wp","href":"https:\/\/api.w.org\/{rel}","templated":true}]}}