{"id":2,"date":"2020-09-29T10:15:15","date_gmt":"2020-09-29T08:15:15","guid":{"rendered":"http:\/\/easysite.pl\/femmed\/?page_id=2"},"modified":"2020-12-11T21:15:02","modified_gmt":"2020-12-11T20:15:02","slug":"przykladowa-strona","status":"publish","type":"page","link":"https:\/\/mawiko.pl\/de\/","title":{"rendered":"Przyk\u0142adowa strona"},"content":{"rendered":"<p>[vc_row css_animation=&#8221;&#8221; row_type=&#8221;row&#8221; use_row_as_full_screen_section=&#8221;no&#8221; type=&#8221;full_width&#8221; angled_section=&#8221;no&#8221; text_align=&#8221;left&#8221; background_image_as_pattern=&#8221;without_pattern&#8221; css=&#8221;.vc_custom_1603120160937{padding-top: 120px !important;padding-bottom: 120px !important;background-image: url(https:\/\/mawiko.pl\/wp-content\/uploads\/2020\/10\/banner.jpg?id=392) !important;}&#8221; z_index=&#8221;&#8221; el_id=&#8221;baner&#8221;][vc_column][vc_row_inner row_type=&#8221;row&#8221; type=&#8221;grid&#8221; text_align=&#8221;left&#8221; css_animation=&#8221;&#8221;][vc_column_inner offset=&#8221;vc_col-lg-6&#8243;][vc_column_text]<\/p>\n<h2>Willkommen beim<br \/>\nMawiko Chojnice<\/h2>\n<p>Angenehmer Aufenthalt in einer 30-Betten Anstalt, berufserfahrenes Personal, gute Ern\u00e4hrung und sch\u00f6ne R\u00e4ume ( Einzel-und Doppelr\u00e4ume mit Bad und Kabelkfernsehen) und Geb\u00e4udemonitoring[\/vc_column_text]<a  itemprop=\"url\" href=\"#onas\" target=\"_self\" data-hover-background-color='#b80065' data-hover-border-color='#b80065' data-hover-color='#ffffff' class=\"qbutton  medium center default button-custom\" style=\"color: #ffffff; border-color: #b80065; font-style: normal; font-weight: 400; font-family: Maven Pro; text-transform: none; font-size: 16px; margin: 20px 0px 0px 0px; border-radius: 15px;-moz-border-radius: 15px;-webkit-border-radius: 15px; background-color: #b80065;\">Weiterlesen<\/a>[\/vc_column_inner][\/vc_row_inner][\/vc_column][\/vc_row][vc_row css_animation=&#8221;element_from_bottom&#8221; row_type=&#8221;row&#8221; use_row_as_full_screen_section=&#8221;yes&#8221; type=&#8221;grid&#8221; angled_section=&#8221;no&#8221; text_align=&#8221;left&#8221; background_image_as_pattern=&#8221;without_pattern&#8221; css=&#8221;.vc_custom_1601660043227{padding-top: 60px !important;padding-bottom: 60px !important;background-color: #f7f7f7 !important;}&#8221; z_index=&#8221;&#8221; el_id=&#8221;oferta&#8221;][vc_column][vc_column_text]<\/p>\n<div id=\"sa_slider_shortcode\"><div class='white' style='background:#fafafa; border:solid 1px #f0f0f0; border-radius:5px; padding:8px 8px 8px 8px;'>\n<div id='sample_slider' class='owl-carousel sa_owl_theme autohide-arrows' data-slider-id='sample_slider' style='visibility:hidden;'>\n<div id='sample_slider_slide01' class='sa_hover_container' style='padding:5% 5%; margin:0px 0%; background-color:rgb(247, 247, 247); '><p><img loading=\"lazy\" decoding=\"async\" class=\"size-medium wp-image-41 aligncenter\" src=\"https:\/\/mawiko.pl\/wp-content\/uploads\/2020\/10\/1-3.jpg\" alt=\"\" width=\"300\" height=\"197\" \/><\/p>\r\n<h3 style=\"text-align: center;\">Psychiatrische Diagnose<\/h3>\r\n<p style=\"text-align: center;\">Eine genaue Diagnose ist nicht nur die Bestimmung des aktuellen Zustands, sondern auch die Diagnose der Ursachen der \u00c4nderungen und ihres Mechanismus<\/p>\r\n<p style=\"text-align: center;\"><a class=\"qbutton  medium center default button-custom\" style=\"color: #ffffff; border-color: #d171a6; font-style: normal; font-weight: 400; font-family: Maven Pro; text-transform: none; font-size: 16px; margin: 20px 0px 0px 0px; border-radius: 15px; -moz-border-radius: 15px; -webkit-border-radius: 15px; background-color: #d171a6;\" href=\"http:\/\/mawiko.pl\/lang-de\/angebot\/\" target=\"_self\" data-hover-background-color=\"#d171a6\" data-hover-border-color=\"#d171a6\" data-hover-color=\"#ffffff\">Weiterlesen<\/a><\/p><\/div>\n<div id='sample_slider_slide02' class='sa_hover_container' style='padding:5% 5%; margin:0px 0%; background-color:rgb(247, 247, 247); '><p><img loading=\"lazy\" decoding=\"async\" class=\"wp-image-45 size-medium aligncenter\" src=\"https:\/\/mawiko.pl\/wp-content\/uploads\/2020\/10\/2-2.jpg\" alt=\"\" width=\"300\" height=\"197\" \/><\/p>\r\n<h3 style=\"text-align: center;\">Psychologische Diagnose<\/h3>\r\n<p style=\"text-align: center;\">Die Diagnose erfolgt durch ein Interview mit der untersuchten Person, ein psychologisches Interview, eine Beobachtung und Tests unter Verwendung standardisierter psychologischer Instrumente.<\/p>\r\n<p style=\"text-align: center;\"><a class=\"qbutton  medium center default button-custom\" style=\"color: #ffffff; border-color: #d171a6; font-style: normal; font-weight: 400; font-family: Maven Pro; text-transform: none; font-size: 16px; margin: 20px 0px 0px 0px; border-radius: 15px; -moz-border-radius: 15px; -webkit-border-radius: 15px; background-color: #d171a6;\" href=\"http:\/\/mawiko.pl\/lang-de\/angebot\/\" target=\"_self\" data-hover-background-color=\"#d171a6\" data-hover-border-color=\"#d171a6\" data-hover-color=\"#ffffff\">Weiterlesen<\/a><\/p><\/div>\n<div id='sample_slider_slide03' class='sa_hover_container' style='padding:5% 5%; margin:0px 0%; background-color:rgb(247, 247, 247); '><p><img loading=\"lazy\" decoding=\"async\" class=\"wp-image-46 size-medium aligncenter\" src=\"https:\/\/mawiko.pl\/wp-content\/uploads\/2020\/10\/3-2.jpg\" alt=\"\" width=\"300\" height=\"197\" \/><\/p>\r\n<h3 style=\"text-align: center;\">Labor Diagnose<\/h3>\r\n<p style=\"text-align: center;\">Bildgebende Diagnostik, Elektrodiagnostik usw. f\u00fcr medizinische Indikationen als Teil der Aufenthaltskosten; auf Wunsch des Patienten die M\u00f6glichkeit der in diesem Punkt genannten Tests<\/p>\r\n<p style=\"text-align: center;\"><a class=\"qbutton  medium center default button-custom\" style=\"color: #ffffff; border-color: #d171a6; font-style: normal; font-weight: 400; font-family: Maven Pro; text-transform: none; font-size: 16px; margin: 20px 0px 0px 0px; border-radius: 15px; -moz-border-radius: 15px; -webkit-border-radius: 15px; background-color: #d171a6;\" href=\"http:\/\/mawiko.pl\/lang-de\/angebot\/\" target=\"_self\" data-hover-background-color=\"#d171a6\" data-hover-border-color=\"#d171a6\" data-hover-color=\"#ffffff\">Weiterlesen<\/a><\/p><\/div>\n<div id='sample_slider_slide04' class='sa_hover_container' style='padding:5% 5%; margin:0px 0%; background-color:rgb(247, 247, 247); '><p><img loading=\"lazy\" decoding=\"async\" class=\"wp-image-47 size-medium aligncenter\" src=\"https:\/\/mawiko.pl\/wp-content\/uploads\/2020\/10\/4-3.jpg\" alt=\"\" width=\"300\" height=\"197\" \/><\/p>\r\n<h3 style=\"text-align: center;\">Gruppenpsychotherapie<\/h3>\r\n<p style=\"text-align: center;\">Gruppenpsychotherapie basiert auf der Annahme, dass psychische Probleme ihren Ursprung in Beziehungen zu anderen Menschen haben und sich in diesen Beziehungen manifestieren.<\/p>\r\n<p style=\"text-align: center;\"><a class=\"qbutton  medium center default button-custom\" style=\"color: #ffffff; border-color: #d171a6; font-style: normal; font-weight: 400; font-family: Maven Pro; text-transform: none; font-size: 16px; margin: 20px 0px 0px 0px; border-radius: 15px; -moz-border-radius: 15px; -webkit-border-radius: 15px; background-color: #d171a6;\" href=\"http:\/\/mawiko.pl\/lang-de\/angebot\/\" target=\"_self\" data-hover-background-color=\"#d171a6\" data-hover-border-color=\"#d171a6\" data-hover-color=\"#ffffff\">Weiterlesen<\/a><\/p><\/div>\n<\/div>\n<\/div>\n<script type='text\/javascript'>\n\tjQuery(document).ready(function() {\n\t\tjQuery('#sample_slider').owlCarousel({\n\t\t\tresponsive:{\n\t\t\t\t0:{ items:1 },\n\t\t\t\t480:{ items:2 },\n\t\t\t\t768:{ items:3 },\n\t\t\t\t980:{ items:4 },\n\t\t\t\t1200:{ items:4 },\n\t\t\t\t1500:{ items:4 }\n\t\t\t},\n\t\t\tautoplay : true,\n\t\t\tautoplayTimeout : 2000,\n\t\t\tautoplayHoverPause : true,\n\t\t\tsmartSpeed : 1000,\n\t\t\tfluidSpeed : 1000,\n\t\t\tautoplaySpeed : 1000,\n\t\t\tnavSpeed : 1000,\n\t\t\tdotsSpeed : 1000,\n\t\t\tloop : false,\n\t\t\tnav : true,\n\t\t\tnavText : ['Previous','Next'],\n\t\t\tdots : false,\n\t\t\tresponsiveRefreshRate : 200,\n\t\t\tslideBy : 1,\n\t\t\tmergeFit : true,\n\t\t\tautoHeight : false,\n\t\t\tmouseDrag : true,\n\t\t\ttouchDrag : true\n\t\t});\n\t\tjQuery('#sample_slider').css('visibility', 'visible');\n\t\tsa_resize_sample_slider();\n\t\twindow.addEventListener('resize', sa_resize_sample_slider);\n\t\tfunction sa_resize_sample_slider() {\n\t\t\tvar min_height = '50';\n\t\t\tvar win_width = jQuery(window).width();\n\t\t\tvar slider_width = jQuery('#sample_slider').width();\n\t\t\tif (win_width < 480) {\n\t\t\t\tvar slide_width = slider_width \/ 1;\n\t\t\t} else if (win_width < 768) {\n\t\t\t\tvar slide_width = slider_width \/ 2;\n\t\t\t} else if (win_width < 980) {\n\t\t\t\tvar slide_width = slider_width \/ 3;\n\t\t\t} else if (win_width < 1200) {\n\t\t\t\tvar slide_width = slider_width \/ 4;\n\t\t\t} else if (win_width < 1500) {\n\t\t\t\tvar slide_width = slider_width \/ 4;\n\t\t\t} else {\n\t\t\t\tvar slide_width = slider_width \/ 4;\n\t\t\t}\n\t\t\tslide_width = Math.round(slide_width);\n\t\t\tvar slide_height = '0';\n\t\t\tif (min_height == 'aspect43') {\n\t\t\t\tslide_height = (slide_width \/ 4) * 3;\t\t\t\tslide_height = Math.round(slide_height);\n\t\t\t} else if (min_height == 'aspect169') {\n\t\t\t\tslide_height = (slide_width \/ 16) * 9;\t\t\t\tslide_height = Math.round(slide_height);\n\t\t\t} else {\n\t\t\t\tslide_height = (slide_width \/ 100) * min_height;\t\t\t\tslide_height = Math.round(slide_height);\n\t\t\t}\n\t\t\tjQuery('#sample_slider .owl-item .sa_hover_container').css('min-height', slide_height+'px');\n\t\t}\n\t\tvar owl_goto = jQuery('#sample_slider');\n\t\tjQuery('.sample_slider_goto1').click(function(event){\n\t\t\towl_goto.trigger('to.owl.carousel', 0);\n\t\t});\n\t\tjQuery('.sample_slider_goto2').click(function(event){\n\t\t\towl_goto.trigger('to.owl.carousel', 1);\n\t\t});\n\t\tjQuery('.sample_slider_goto3').click(function(event){\n\t\t\towl_goto.trigger('to.owl.carousel', 2);\n\t\t});\n\t\tjQuery('.sample_slider_goto4').click(function(event){\n\t\t\towl_goto.trigger('to.owl.carousel', 3);\n\t\t});\n\t\tvar resize_39 = jQuery('.owl-carousel');\n\t\tresize_39.on('initialized.owl.carousel', function(e) {\n\t\t\tif (typeof(Event) === 'function') {\n\t\t\t\twindow.dispatchEvent(new Event('resize'));\n\t\t\t} else {\n\t\t\t\tvar evt = window.document.createEvent('UIEvents');\n\t\t\t\tevt.initUIEvent('resize', true, false, window, 0);\n\t\t\t\twindow.dispatchEvent(evt);\n\t\t\t}\n\t\t});\n\t});\n<\/script>\n<\/div>\n<p>[\/vc_column_text][\/vc_column][\/vc_row][vc_row css_animation=&#8221;&#8221; row_type=&#8221;row&#8221; use_row_as_full_screen_section=&#8221;yes&#8221; type=&#8221;grid&#8221; angled_section=&#8221;no&#8221; text_align=&#8221;left&#8221; background_image_as_pattern=&#8221;without_pattern&#8221; css=&#8221;.vc_custom_1601377107526{padding-top: 60px !important;padding-bottom: 60px !important;}&#8221; z_index=&#8221;&#8221; el_id=&#8221;onas&#8221;][vc_column][vc_row_inner row_type=&#8221;row&#8221; type=&#8221;full_width&#8221; text_align=&#8221;left&#8221; css_animation=&#8221;element_from_fade&#8221;][vc_column_inner offset=&#8221;vc_col-lg-5&#8243;][vc_single_image image=&#8221;394&#8243; img_size=&#8221;full&#8221; alignment=&#8221;center&#8221; qode_css_animation=&#8221;&#8221;][\/vc_column_inner][vc_column_inner el_class=&#8221;text&#8221; offset=&#8221;vc_col-lg-offset-1 vc_col-lg-6&#8243; css=&#8221;.vc_custom_1603120447813{margin-bottom: 50px !important;}&#8221;][vc_column_text]<\/p>\n<h2>Willkommen beim<br \/>\nMawiko Chojnice<\/h2>\n<p>Angenehmer Aufenthalt in einer 30-Betten Anstalt, berufserfahrenes Personal, gute Ern\u00e4hrung und sch\u00f6ne R\u00e4ume ( Einzel-und Doppelr\u00e4ume mit Bad und Kabelkfernsehen) und Geb\u00e4udemonitoring. Flexible Therapie beg\u00fcnstigt ein gutes Klima und f\u00fchrt zur schnellen und sicheren Genesung. M\u00f6glichkeit einer sofortigen 8-t\u00e4gigen Entzugstherpie in einer Entzugstagesanstalt NZOZ OPUS in Chojnice, die mit und kooperieren.<\/p>\n<p>&nbsp;<\/p>\n<p>Wir bieten an eine fachm\u00e4nnische Hilfe f\u00fcr Patienten mit emotionalen, adaptiven, depressiven, psychotischen und Pers\u00f6nlichkeitsst\u00f6rungen. Au\u00dferdem behandeln wir alle Arten von Suchten ( Entgiftung, die auch weiterhin in anderen Anstalten, die mit und kooperieren, behandelt werden kann). Wir behandeln alle m\u00f6gliche St\u00f6rungen, die der Klassifikation ICD-10 unter Kode F00- F99 unterliegen.[\/vc_column_text]<a  itemprop=\"url\" href=\"https:\/\/mawiko.pl\/de\/zespol\/\" target=\"_self\" data-hover-background-color='#83b19e' data-hover-border-color='#83b19e' data-hover-color='#ffffff' class=\"qbutton  medium center default\" style=\"color: #ffffff; border-color: #83b19e; font-style: normal; font-weight: 400; font-family: Maven Pro; text-transform: none; font-size: 16px; margin: 20px 0px 0px 0px; border-radius: 15px;-moz-border-radius: 15px;-webkit-border-radius: 15px; background-color: #83b19e;\">Weiterlesen<\/a>[\/vc_column_inner][\/vc_row_inner][\/vc_column][\/vc_row][vc_row css_animation=&#8221;&#8221; row_type=&#8221;row&#8221; use_row_as_full_screen_section=&#8221;yes&#8221; type=&#8221;grid&#8221; angled_section=&#8221;no&#8221; text_align=&#8221;left&#8221; background_image_as_pattern=&#8221;without_pattern&#8221; el_id=&#8221;kontakt&#8221; z_index=&#8221;&#8221;][vc_column][vc_row_inner row_type=&#8221;row&#8221; type=&#8221;full_width&#8221; text_align=&#8221;left&#8221; css_animation=&#8221;element_from_fade&#8221;][vc_column_inner offset=&#8221;vc_col-lg-7&#8243; css=&#8221;.vc_custom_1601661326463{margin-bottom: 35px !important;}&#8221;][vc_column_text]<\/p>\n<h3>Fahrt<\/h3>\n<p>[\/vc_column_text]<div class='google_map_shortcode_holder' style='height:500px;'><div class='qode_google_map' style='height:500px;' id='map_canvas_15201' data-addresses='[\"89-600 Chojnice, Le\u015bna 8\"]' data-custom-map-style='false' data-color-overlay='#393939' data-saturation='-100' data-lightness='-60' data-zoom='16' data-pin='https:\/\/mawiko.pl\/de\/wp-content\/uploads\/2020\/10\/pin-1.png' data-unique-id='15201' data-google-maps-scroll-wheel='false' data-snazzy-map-style='yes' data-map-height='500'><\/div><input type=\"hidden\" class=\"qode-snazzy-map\" value=\"`{`\n{\n``featureType``: ``water``,\n``elementType``: ``geometry``,\n``stylers``: `{`\n{\n``color``: ``#e9e9e9``\n},\n{\n``lightness``: 17\n}\n`}`\n},\n{\n``featureType``: ``landscape``,\n``elementType``: ``geometry``,\n``stylers``: `{`\n{\n``color``: ``#f5f5f5``\n},\n{\n``lightness``: 20\n}\n`}`\n},\n{\n``featureType``: ``road.highway``,\n``elementType``: ``geometry.fill``,\n``stylers``: `{`\n{\n``color``: ``#ffffff``\n},\n{\n``lightness``: 17\n}\n`}`\n},\n{\n``featureType``: ``road.highway``,\n``elementType``: ``geometry.stroke``,\n``stylers``: `{`\n{\n``color``: ``#ffffff``\n},\n{\n``lightness``: 29\n},\n{\n``weight``: 0.2\n}\n`}`\n},\n{\n``featureType``: ``road.arterial``,\n``elementType``: ``geometry``,\n``stylers``: `{`\n{\n``color``: ``#ffffff``\n},\n{\n``lightness``: 18\n}\n`}`\n},\n{\n``featureType``: ``road.local``,\n``elementType``: ``geometry``,\n``stylers``: `{`\n{\n``color``: ``#ffffff``\n},\n{\n``lightness``: 16\n}\n`}`\n},\n{\n``featureType``: ``poi``,\n``elementType``: ``geometry``,\n``stylers``: `{`\n{\n``color``: ``#f5f5f5``\n},\n{\n``lightness``: 21\n}\n`}`\n},\n{\n``featureType``: ``poi.park``,\n``elementType``: ``geometry``,\n``stylers``: `{`\n{\n``color``: ``#dedede``\n},\n{\n``lightness``: 21\n}\n`}`\n},\n{\n``elementType``: ``labels.text.stroke``,\n``stylers``: `{`\n{\n``visibility``: ``on``\n},\n{\n``color``: ``#ffffff``\n},\n{\n``lightness``: 16\n}\n`}`\n},\n{\n``elementType``: ``labels.text.fill``,\n``stylers``: `{`\n{\n``saturation``: 36\n},\n{\n``color``: ``#333333``\n},\n{\n``lightness``: 40\n}\n`}`\n},\n{\n``elementType``: ``labels.icon``,\n``stylers``: `{`\n{\n``visibility``: ``off``\n}\n`}`\n},\n{\n``featureType``: ``transit``,\n``elementType``: ``geometry``,\n``stylers``: `{`\n{\n``color``: ``#f2f2f2``\n},\n{\n``lightness``: 19\n}\n`}`\n},\n{\n``featureType``: ``administrative``,\n``elementType``: ``geometry.fill``,\n``stylers``: `{`\n{\n``color``: ``#fefefe``\n},\n{\n``lightness``: 20\n}\n`}`\n},\n{\n``featureType``: ``administrative``,\n``elementType``: ``geometry.stroke``,\n``stylers``: `{`\n{\n``color``: ``#fefefe``\n},\n{\n``lightness``: 17\n},\n{\n``weight``: 1.2\n}\n`}`\n}\n`}` \" \/><div class='google_map_shortcode_overlay'><\/div><\/div>[\/vc_column_inner][vc_column_inner offset=&#8221;vc_col-lg-offset-1 vc_col-lg-4&#8243; el_id=&#8221;formularz&#8221;][vc_column_text]<\/p>\n<h3>Kontakt Formular<\/h3>\n<div class=\"wpcf7 no-js\" id=\"wpcf7-f62-o1\" lang=\"pl-PL\" dir=\"ltr\">\n<div class=\"screen-reader-response\"><p role=\"status\" aria-live=\"polite\" aria-atomic=\"true\"><\/p> <ul><\/ul><\/div>\n<form action=\"\/de\/wp-json\/wp\/v2\/pages\/2#wpcf7-f62-o1\" method=\"post\" class=\"wpcf7-form init\" aria-label=\"Formularz kontaktowy\" novalidate=\"novalidate\" data-status=\"init\">\n<div style=\"display: none;\">\n<input type=\"hidden\" name=\"_wpcf7\" value=\"62\" \/>\n<input type=\"hidden\" name=\"_wpcf7_version\" value=\"5.9.6\" \/>\n<input type=\"hidden\" name=\"_wpcf7_locale\" value=\"pl_PL\" \/>\n<input type=\"hidden\" name=\"_wpcf7_unit_tag\" value=\"wpcf7-f62-o1\" \/>\n<input type=\"hidden\" name=\"_wpcf7_container_post\" value=\"0\" \/>\n<input type=\"hidden\" name=\"_wpcf7_posted_data_hash\" value=\"\" \/>\n<\/div>\n<p><span class=\"wpcf7-form-control-wrap\" data-name=\"text-223\"><input size=\"40\" maxlength=\"80\" class=\"wpcf7-form-control wpcf7-text wpcf7-validates-as-required\" aria-required=\"true\" aria-invalid=\"false\" placeholder=\"Vorname und Nachname\" value=\"\" type=\"text\" name=\"text-223\" \/><\/span><br \/>\n<span class=\"wpcf7-form-control-wrap\" data-name=\"email-770\"><input size=\"40\" maxlength=\"80\" class=\"wpcf7-form-control wpcf7-email wpcf7-validates-as-required wpcf7-text wpcf7-validates-as-email\" aria-required=\"true\" aria-invalid=\"false\" placeholder=\"E-Mail Adresse\" value=\"\" type=\"email\" name=\"email-770\" \/><\/span><br \/>\n<span class=\"wpcf7-form-control-wrap\" data-name=\"textarea-584\"><textarea cols=\"40\" rows=\"10\" maxlength=\"400\" class=\"wpcf7-form-control wpcf7-textarea wpcf7-validates-as-required\" aria-required=\"true\" aria-invalid=\"false\" placeholder=\"Nachrichteninhalt\" name=\"textarea-584\"><\/textarea><\/span>\n<\/p>\n<p><input class=\"wpcf7-form-control wpcf7-submit has-spinner\" type=\"submit\" value=\"Senden\" \/>\n<\/p><div class=\"wpcf7-response-output\" aria-hidden=\"true\"><\/div>\n<\/form>\n<\/div>\n[\/vc_column_text][\/vc_column_inner][\/vc_row_inner][\/vc_column][\/vc_row]<\/p>\n","protected":false},"excerpt":{"rendered":"<p>[vc_row css_animation=&#8221;&#8221; row_type=&#8221;row&#8221; use_row_as_full_screen_section=&#8221;no&#8221; type=&#8221;full_width&#8221; angled_section=&#8221;no&#8221; text_align=&#8221;left&#8221; background_image_as_pattern=&#8221;without_pattern&#8221; css=&#8221;.vc_custom_1603120160937{padding-top: 120px !important;padding-bottom: 120px !important;background-image: url(https:\/\/mawiko.pl\/wp-content\/uploads\/2020\/10\/banner.jpg?id=392) !important;}&#8221; z_index=&#8221;&#8221; el_id=&#8221;baner&#8221;][vc_column][vc_row_inner row_type=&#8221;row&#8221; type=&#8221;grid&#8221; text_align=&#8221;left&#8221; css_animation=&#8221;&#8221;][vc_column_inner offset=&#8221;vc_col-lg-6&#8243;][vc_column_text] Willkommen beim Mawiko Chojnice Angenehmer Aufenthalt in einer 30-Betten Anstalt, berufserfahrenes Personal, gute Ern\u00e4hrung und sch\u00f6ne R\u00e4ume ( Einzel-und Doppelr\u00e4ume mit Bad und&#8230;<\/p>\n","protected":false},"author":1,"featured_media":0,"parent":0,"menu_order":0,"comment_status":"closed","ping_status":"open","template":"full_width.php","meta":{"footnotes":""},"_links":{"self":[{"href":"https:\/\/mawiko.pl\/de\/wp-json\/wp\/v2\/pages\/2"}],"collection":[{"href":"https:\/\/mawiko.pl\/de\/wp-json\/wp\/v2\/pages"}],"about":[{"href":"https:\/\/mawiko.pl\/de\/wp-json\/wp\/v2\/types\/page"}],"author":[{"embeddable":true,"href":"https:\/\/mawiko.pl\/de\/wp-json\/wp\/v2\/users\/1"}],"replies":[{"embeddable":true,"href":"https:\/\/mawiko.pl\/de\/wp-json\/wp\/v2\/comments?post=2"}],"version-history":[{"count":94,"href":"https:\/\/mawiko.pl\/de\/wp-json\/wp\/v2\/pages\/2\/revisions"}],"predecessor-version":[{"id":496,"href":"https:\/\/mawiko.pl\/de\/wp-json\/wp\/v2\/pages\/2\/revisions\/496"}],"wp:attachment":[{"href":"https:\/\/mawiko.pl\/de\/wp-json\/wp\/v2\/media?parent=2"}],"curies":[{"name":"wp","href":"https:\/\/api.w.org\/{rel}","templated":true}]}}